{"id":661,"date":"2023-09-30T17:00:18","date_gmt":"2023-09-30T15:00:18","guid":{"rendered":"https:\/\/asso-adjd.fr\/?page_id=661"},"modified":"2023-10-14T14:26:49","modified_gmt":"2023-10-14T12:26:49","slug":"mentions-legales","status":"publish","type":"page","link":"https:\/\/asso-adjd.fr\/index.php\/mentions-legales\/","title":{"rendered":"Mentions l\u00e9gales"},"content":{"rendered":"<p>[et_pb_section fb_built=\u00a0\u00bb1&Prime; fullwidth=\u00a0\u00bbon\u00a0\u00bb _builder_version=\u00a0\u00bb4.5.5&Prime; _module_preset=\u00a0\u00bbdefault\u00a0\u00bb][et_pb_fullwidth_header title=\u00a0\u00bbMentions L\u00e9gales\u00a0\u00bb _builder_version=\u00a0\u00bb4.5.5&Prime; _module_preset=\u00a0\u00bbdefault\u00a0\u00bb hover_enabled=\u00a0\u00bb0&Prime; background_color=\u00a0\u00bb#002308&Prime; title_font=\u00a0\u00bbMontserrat||||||||\u00a0\u00bb title_text_color=\u00a0\u00bb#edf000&Prime;][\/et_pb_fullwidth_header][\/et_pb_section][et_pb_section fb_built=\u00a0\u00bb1&Prime; _builder_version=\u00a0\u00bb4.5.5&Prime; _module_preset=\u00a0\u00bbdefault\u00a0\u00bb][et_pb_row _builder_version=\u00a0\u00bb4.5.5&Prime; _module_preset=\u00a0\u00bbdefault\u00a0\u00bb][et_pb_column type=\u00a0\u00bb4_4&Prime; _builder_version=\u00a0\u00bb4.5.5&Prime; _module_preset=\u00a0\u00bbdefault\u00a0\u00bb][et_pb_text _builder_version=\u00a0\u00bb4.5.5&Prime; _module_preset=\u00a0\u00bbdefault\u00a0\u00bb text_font=\u00a0\u00bbMontserrat||||||||\u00a0\u00bb text_orientation=\u00a0\u00bbjustified\u00a0\u00bb]<\/p>\n<div class=\"kode-item k-content\">\n<p><b>Conditions d\u2019utilisation<\/b><\/p>\n<p>L\u2019utilisation de ce site Internet vaut acceptation des conditions mentionn\u00e9es ci-apr\u00e8s. ADJD se r\u00e9serve la possibilit\u00e9 d\u2019engager des poursuites judiciaires en cas de violation de ces conditions d\u2019utilisation, notamment en cas de non-respect et d\u2019utilisation non autoris\u00e9e des noms et logo du Rocher ou en cas de violation des droits li\u00e9s \u00e0 l\u2019information, au graphisme, aux textes, vid\u00e9os, documents audio, photos et images et plus g\u00e9n\u00e9ralement \u00e0 l\u2019ensemble du contenu du site.<\/p>\n<p><b>Droits d\u2019auteur<\/b><\/p>\n<p>En application du Code fran\u00e7ais de la propri\u00e9t\u00e9 intellectuelle et plus g\u00e9n\u00e9ralement des trait\u00e9s et accords internationaux comportant des dispositions relatives \u00e0 la protection des droits d\u2019auteurs, il est interdit pour un usage autre que priv\u00e9 ou p\u00e9dagogique de reproduire, vendre, diffuser, modifier, publier int\u00e9gralement ou partiellement, sous quelque forme que ce soit les donn\u00e9es, la pr\u00e9sentation ou l\u2019organisation du site ainsi que les \u0153uvres prot\u00e9g\u00e9es par les droits d\u2019auteur qui y figurent, sans autorisation \u00e9crite particuli\u00e8re et pr\u00e9alable, dont la demande doit \u00eatre adress\u00e9e au webmaster.<b><\/b><\/p>\n<p><b>Protection des donn\u00e9es personnelles<\/b><\/p>\n<p>Vous \u00eates amen\u00e9(e) \u00e0 communiquer des informations personnelles notamment lors de l\u2019utilisation du formulaire de contact. Les informations que vous transmettez sont \u00e0 usage de l\u2019association ADJD. Tout utilisateur ayant communiqu\u00e9 des informations directement ou indirectement nominatives, peut demander la communication de ces informations \u00e0 l\u2019administrateur du service et les faire rectifier le cas \u00e9ch\u00e9ant, conform\u00e9ment \u00e0 la loi fran\u00e7aise N 78-17 du 6 janvier 1978 relative \u00e0 l\u2019informatique, aux fichiers et aux libert\u00e9s. Pour exercer ce droit, adressez-vous au responsable du traitement des donn\u00e9es. Nous vous informons que la confidentialit\u00e9 des correspondances transmises par le r\u00e9seau Internet n\u2019est pas garantie.<\/p>\n<p><b>ADJD \u2013 Traitement des donn\u00e9es personnelles<br \/> <\/b><b>Adresse postale : 26, av du Mont Blanc 69140 Rillieux-la-Pape<br \/> Tel : <\/b>09 85 24 54 55 \/ 07 67 47 24 54<\/p>\n<p><b>Liens<\/b><br \/> Les responsables de services en ligne qui cr\u00e9ent des liens vers le pr\u00e9sent site sont tenus d\u2019en informer le webmaster. Ce site Internet peut comporter des liens vers d\u2019autres sites qui ne sont pas sous contr\u00f4le permanent. Ces liens sont consid\u00e9r\u00e9s comme utiles et pouvant enrichir l\u2019information pr\u00e9sente sur le site. ADJD n\u2019endosse aucune responsabilit\u00e9 relative \u00e0 ces sites, notamment en ce qui concerne l\u2019exactitude ou la fiabilit\u00e9 des informations, des donn\u00e9es et des opinions qui y figurent.<\/p>\n<p><strong>ADJD \u00ab Association Dynamique pour les Jeunes et le D\u00e9veloppement \u00bb est une association loi 1901<br \/> <\/strong><\/p>\n<ul>\n<li><b>Agr\u00e9\u00e9e Jeunesse \u00c9ducation Populaire<\/b>\u00a0depuis 2008 par la Direction d\u00e9partementale de la Jeunesse et des Sports (DDJS) du Var.<\/li>\n<\/ul>\n<p><strong>Association ADJD<\/strong><br \/> 2, avenue du Mont Blanc 69140 Rillieux-la-Pape<br \/> <strong>N\u00b0 SIRET :<\/strong> 510 83 861 00062<\/p>\n<p><strong>Contact :<\/strong><br \/> Tel : 09 85 24 54 55 \/ 07 67 47 24 54<br \/> mail : <a href=\"mailto:assoadjd@gmail.com\">assoadjd@gmail.com<\/a><\/p>\n<\/div>\n<div class=\"kode-item k-content\"><strong>Directeur de publication :<\/strong><br \/> Morrel MOKOSSO, fondateur de l\u2019association ADJD<\/div>\n<div class=\"kode-item k-content\"><\/div>\n<div class=\"kode-item k-content\"><\/div>\n<div class=\"kode-item k-content\"><strong>H\u00e9bergeur :<\/strong><br \/> Le site internet d\u2019ADJD est h\u00e9berg\u00e9 par OVH \u2013 2 rue Kellermann \u2013 59100 ROUBAIX \u2013 France<br \/> Pour contacter cet h\u00e9bergeur, rendez-vous \u00e0 l\u2019adresse http:\/\/www.ovh.com\/fr\/support\/<\/div>\n<div class=\"kode-item k-content\"><\/div>\n<div class=\"kode-item k-content\"><\/div>\n<div class=\"kode-item k-content\"><strong>Cr\u00e9dits :<\/strong><br \/> Le site internet de Solidarit\u00e9 Afrique a \u00e9t\u00e9 con\u00e7u et r\u00e9alis\u00e9 par Emmanuel KAMTCHUIN<\/div>\n<p>[\/et_pb_text][\/et_pb_column][\/et_pb_row][\/et_pb_section]<\/p>\n","protected":false},"excerpt":{"rendered":"<p>[et_pb_section fb_built=\u00a0\u00bb1&Prime; fullwidth=\u00a0\u00bbon\u00a0\u00bb _builder_version=\u00a0\u00bb4.5.5&Prime; _module_preset=\u00a0\u00bbdefault\u00a0\u00bb][et_pb_fullwidth_header title=\u00a0\u00bbMentions L\u00e9gales\u00a0\u00bb _builder_version=\u00a0\u00bb4.5.5&Prime; _module_preset=\u00a0\u00bbdefault\u00a0\u00bb hover_enabled=\u00a0\u00bb0&Prime; background_color=\u00a0\u00bb#002308&Prime; title_font=\u00a0\u00bbMontserrat||||||||\u00a0\u00bb title_text_color=\u00a0\u00bb#edf000&Prime;][\/et_pb_fullwidth_header][\/et_pb_section][et_pb_section fb_built=\u00a0\u00bb1&Prime; _builder_version=\u00a0\u00bb4.5.5&Prime; _module_preset=\u00a0\u00bbdefault\u00a0\u00bb][et_pb_row _builder_version=\u00a0\u00bb4.5.5&Prime; _module_preset=\u00a0\u00bbdefault\u00a0\u00bb][et_pb_column type=\u00a0\u00bb4_4&Prime; _builder_version=\u00a0\u00bb4.5.5&Prime; _module_preset=\u00a0\u00bbdefault\u00a0\u00bb][et_pb_text _builder_version=\u00a0\u00bb4.5.5&Prime; _module_preset=\u00a0\u00bbdefault\u00a0\u00bb text_font=\u00a0\u00bbMontserrat||||||||\u00a0\u00bb text_orientation=\u00a0\u00bbjustified\u00a0\u00bb] Conditions d\u2019utilisation L\u2019utilisation de ce site Internet vaut acceptation des conditions mentionn\u00e9es ci-apr\u00e8s. ADJD se r\u00e9serve la possibilit\u00e9 d\u2019engager des poursuites judiciaires en cas de violation de ces conditions d\u2019utilisation, [&hellip;]<\/p>\n","protected":false},"author":1,"featured_media":0,"parent":0,"menu_order":0,"comment_status":"closed","ping_status":"closed","template":"","meta":{"_et_pb_use_builder":"on","_et_pb_old_content":"","_et_gb_content_width":"","footnotes":""},"class_list":["post-661","page","type-page","status-publish","hentry"],"_links":{"self":[{"href":"https:\/\/asso-adjd.fr\/index.php\/wp-json\/wp\/v2\/pages\/661","targetHints":{"allow":["GET"]}}],"collection":[{"href":"https:\/\/asso-adjd.fr\/index.php\/wp-json\/wp\/v2\/pages"}],"about":[{"href":"https:\/\/asso-adjd.fr\/index.php\/wp-json\/wp\/v2\/types\/page"}],"author":[{"embeddable":true,"href":"https:\/\/asso-adjd.fr\/index.php\/wp-json\/wp\/v2\/users\/1"}],"replies":[{"embeddable":true,"href":"https:\/\/asso-adjd.fr\/index.php\/wp-json\/wp\/v2\/comments?post=661"}],"version-history":[{"count":18,"href":"https:\/\/asso-adjd.fr\/index.php\/wp-json\/wp\/v2\/pages\/661\/revisions"}],"predecessor-version":[{"id":1174,"href":"https:\/\/asso-adjd.fr\/index.php\/wp-json\/wp\/v2\/pages\/661\/revisions\/1174"}],"wp:attachment":[{"href":"https:\/\/asso-adjd.fr\/index.php\/wp-json\/wp\/v2\/media?parent=661"}],"curies":[{"name":"wp","href":"https:\/\/api.w.org\/{rel}","templated":true}]}}