{"id":482,"date":"2023-09-30T14:14:52","date_gmt":"2023-09-30T12:14:52","guid":{"rendered":"https:\/\/asso-adjd.fr\/?page_id=482"},"modified":"2024-01-07T17:08:46","modified_gmt":"2024-01-07T16:08:46","slug":"spectacle","status":"publish","type":"page","link":"https:\/\/asso-adjd.fr\/index.php\/spectacle\/","title":{"rendered":"SPECTACLE"},"content":{"rendered":"<p>[et_pb_section fb_built=\u00a0\u00bb1&Prime; _builder_version=\u00a0\u00bb4.5.5&Prime; _module_preset=\u00a0\u00bbdefault\u00a0\u00bb background_color=\u00a0\u00bbrgba(0,0,0,0.95)\u00a0\u00bb][et_pb_row _builder_version=\u00a0\u00bb4.5.5&Prime; _module_preset=\u00a0\u00bbdefault\u00a0\u00bb][et_pb_column type=\u00a0\u00bb4_4&Prime; _builder_version=\u00a0\u00bb4.5.5&Prime; _module_preset=\u00a0\u00bbdefault\u00a0\u00bb][et_pb_text _builder_version=\u00a0\u00bb4.5.5&Prime; _module_preset=\u00a0\u00bbdefault\u00a0\u00bb text_font=\u00a0\u00bbMontserrat|600|||||||\u00a0\u00bb text_text_color=\u00a0\u00bb#edf000&Prime; text_font_size=\u00a0\u00bb60px\u00a0\u00bb text_line_height=\u00a0\u00bb1.5em\u00a0\u00bb text_orientation=\u00a0\u00bbcenter\u00a0\u00bb]<\/p>\n<p>CONCERT LIVE MOZEWA<\/p>\n<p>[\/et_pb_text][\/et_pb_column][\/et_pb_row][\/et_pb_section][et_pb_section fb_built=\u00a0\u00bb1&Prime; _builder_version=\u00a0\u00bb4.5.5&Prime; _module_preset=\u00a0\u00bbdefault\u00a0\u00bb][et_pb_row _builder_version=\u00a0\u00bb4.5.5&Prime; _module_preset=\u00a0\u00bbdefault\u00a0\u00bb][et_pb_column type=\u00a0\u00bb4_4&Prime; _builder_version=\u00a0\u00bb4.5.5&Prime; _module_preset=\u00a0\u00bbdefault\u00a0\u00bb][et_pb_video src=\u00a0\u00bbhttps:\/\/asso-adjd.fr\/wp-content\/uploads\/2024\/01\/projet-spot-mozewa-FINAL-1.mp4&Prime; _builder_version=\u00a0\u00bb4.5.5&Prime; _module_preset=\u00a0\u00bbdefault\u00a0\u00bb hover_enabled=\u00a0\u00bb0&Prime; title_text=\u00a0\u00bbprojet spot mozewa FINAL 1&Prime;][\/et_pb_video][\/et_pb_column][\/et_pb_row][et_pb_row _builder_version=\u00a0\u00bb4.5.5&Prime; _module_preset=\u00a0\u00bbdefault\u00a0\u00bb][et_pb_column type=\u00a0\u00bb4_4&Prime; _builder_version=\u00a0\u00bb4.5.5&Prime; _module_preset=\u00a0\u00bbdefault\u00a0\u00bb][et_pb_text _builder_version=\u00a0\u00bb4.5.5&Prime; _module_preset=\u00a0\u00bbdefault\u00a0\u00bb text_font_size=\u00a0\u00bb40px\u00a0\u00bb text_line_height=\u00a0\u00bb1.5em\u00a0\u00bb text_orientation=\u00a0\u00bbcenter\u00a0\u00bb]<\/p>\n<p><strong><b>Spectacle \u00e0 PROMOUVOIR\u00a0: <\/b><\/strong><\/p>\n<p>[\/et_pb_text][et_pb_text _builder_version=\u00a0\u00bb4.5.5&Prime; _module_preset=\u00a0\u00bbdefault\u00a0\u00bb text_text_color=\u00a0\u00bb#0c71c3&Prime; text_font_size=\u00a0\u00bb24px\u00a0\u00bb text_line_height=\u00a0\u00bb1.3em\u00a0\u00bb text_orientation=\u00a0\u00bbcenter\u00a0\u00bb]<\/p>\n<p><strong><b>Concert live folklorique De l\u2019orchestre MOZEWA de Centrafrique<\/b><\/strong><\/p>\n<p>[\/et_pb_text][et_pb_text _builder_version=\u00a0\u00bb4.5.5&Prime; _module_preset=\u00a0\u00bbdefault\u00a0\u00bb text_text_color=\u00a0\u00bb#000000&Prime; text_font_size=\u00a0\u00bb22px\u00a0\u00bb]<\/p>\n<p><em><i>\u00a0\u00a0 \u00a0\u00a0 A toutes les structures organisatrices d\u2019\u00e9v\u00e9nementiel en \u00e9t\u00e9 2024\u00a0: associations, collectivit\u00e9s, MJC, centre social, particuliers\u2026<\/i><\/em><\/p>\n<p><em><i>Ne ratez pas cette opportunit\u00e9\u00a0!!!<\/i><\/em><\/p>\n<p><strong><em><b><i>Concert musical live unique et original<\/i><\/b><\/em><\/strong><em><i>\u00a0avec des artistes danseuses, danseurs, chanteurs et musiciens venus de la for\u00eat tropicale de Centrafrique, <\/i><\/em><strong><em><b><i>l\u2019orchestre MOZEWA<\/i><\/b><\/em><\/strong><em><i>\u00a0qui s\u00e9journera en France du <\/i><\/em><strong><em><b><i>18 juin au 20 juillet 2024.<\/i><\/b><\/em><\/strong><\/p>\n<p><em><i>Vos publics (tout \u00e2ge) seront fous de joie pour vivre ce spectacle, d\u00e9couvrir l\u2019Afrique profonde\u00a0! C\u2019est une fa\u00e7on de voyager en Afrique via le concert de <\/i><\/em><strong><em><b><i>MOZEWA<\/i><\/b><\/em><\/strong><em><i>.<\/i><\/em><\/p>\n<p><em><i>\u00a0<\/i><\/em><\/p>\n<p><em><i>Int\u00e9grez <\/i><\/em><strong><em><b><i>MOZEWA<\/i><\/b><\/em><\/strong><em><i>\u00a0dans vos animations d\u2019\u00e9t\u00e9\u00a0: f\u00eate de la musique, f\u00eate nationale, f\u00eate de quartiers ou autres activit\u00e9s<\/i><\/em><\/p>\n<p><em><i>Contactez <\/i><\/em><strong><em><b><i>ADJD<\/i><\/b><\/em><\/strong><em><i>\u00a0pour r\u00e9server vos dates.<\/i><\/em><\/p>\n<p><strong><em><b><i>Contacts : <\/i><\/b><\/em><\/strong><span><a href=\"mailto:assoadjd@gmail.com\"><strong><em><u><b><i>assoadjd@gmail.com<\/i><\/b><\/u><\/em><\/strong><\/a><\/span><strong><em><b><i>\u00a0<\/i><\/b><\/em><\/strong><\/p>\n<p><strong><em><b><i>Tel\u00a0: 09 85 24 54 55 <\/i><\/b><\/em><\/strong><\/p>\n<p><strong><em><b><i>\u00a0\u00a0\u00a0\u00a0 07 67 47 24 54 <\/i><\/b><\/em><\/strong><\/p>\n<p><strong><em><b><i>\u00a0 06 65 72 15 64<\/i><\/b><\/em><\/strong><\/p>\n<p><strong><em><b><i>ADJD<\/i><\/b><\/em><\/strong><em><i>\u00a0(<\/i><\/em><strong><em><b><i>A<\/i><\/b><\/em><\/strong><em><i>ssociation <\/i><\/em><strong><em><b><i>D<\/i><\/b><\/em><\/strong><em><i>ynamique pour les <\/i><\/em><strong><em><b><i>J<\/i><\/b><\/em><\/strong><em><i>eunes et le <\/i><\/em><strong><em><b><i>D<\/i><\/b><\/em><\/strong><em><i>\u00e9veloppement) cr\u00e9\u00e9e en 2008 et bas\u00e9e \u00e0 Rillieux \u00e0 Lyon, r\u00e9alise des projets en France et en Centrafricaine.<\/i><\/em><\/p>\n<p><em><i>Ainsi, <\/i><\/em><strong><em><b><i>ADJD<\/i><\/b><\/em><\/strong><em><i>\u00a0vous propose le concert musical live de l\u2019orchestre <\/i><\/em><strong><em><b><i>MOZEWA<\/i><\/b><\/em><\/strong><em><i>\u00a0pour promouvoir les \u00e9changes culturels.<\/i><\/em><\/p>\n<p>[\/et_pb_text][et_pb_gallery gallery_ids=\u00a0\u00bb1001,998,999,1000&Prime; _builder_version=\u00a0\u00bb4.5.5&Prime; _module_preset=\u00a0\u00bbdefault\u00a0\u00bb][\/et_pb_gallery][\/et_pb_column][\/et_pb_row][\/et_pb_section]<\/p>\n","protected":false},"excerpt":{"rendered":"<p>[et_pb_section fb_built=\u00a0\u00bb1&Prime; _builder_version=\u00a0\u00bb4.5.5&Prime; _module_preset=\u00a0\u00bbdefault\u00a0\u00bb background_color=\u00a0\u00bbrgba(0,0,0,0.95)\u00a0\u00bb][et_pb_row _builder_version=\u00a0\u00bb4.5.5&Prime; _module_preset=\u00a0\u00bbdefault\u00a0\u00bb][et_pb_column type=\u00a0\u00bb4_4&Prime; _builder_version=\u00a0\u00bb4.5.5&Prime; _module_preset=\u00a0\u00bbdefault\u00a0\u00bb][et_pb_text _builder_version=\u00a0\u00bb4.5.5&Prime; _module_preset=\u00a0\u00bbdefault\u00a0\u00bb text_font=\u00a0\u00bbMontserrat|600|||||||\u00a0\u00bb text_text_color=\u00a0\u00bb#edf000&Prime; text_font_size=\u00a0\u00bb60px\u00a0\u00bb text_line_height=\u00a0\u00bb1.5em\u00a0\u00bb text_orientation=\u00a0\u00bbcenter\u00a0\u00bb] CONCERT LIVE MOZEWA [\/et_pb_text][\/et_pb_column][\/et_pb_row][\/et_pb_section][et_pb_section fb_built=\u00a0\u00bb1&Prime; _builder_version=\u00a0\u00bb4.5.5&Prime; _module_preset=\u00a0\u00bbdefault\u00a0\u00bb][et_pb_row _builder_version=\u00a0\u00bb4.5.5&Prime; _module_preset=\u00a0\u00bbdefault\u00a0\u00bb][et_pb_column type=\u00a0\u00bb4_4&Prime; _builder_version=\u00a0\u00bb4.5.5&Prime; _module_preset=\u00a0\u00bbdefault\u00a0\u00bb][et_pb_video src=\u00a0\u00bbhttps:\/\/asso-adjd.fr\/wp-content\/uploads\/2024\/01\/projet-spot-mozewa-FINAL-1.mp4&Prime; _builder_version=\u00a0\u00bb4.5.5&Prime; _module_preset=\u00a0\u00bbdefault\u00a0\u00bb hover_enabled=\u00a0\u00bb0&Prime; title_text=\u00a0\u00bbprojet spot mozewa FINAL 1&Prime;][\/et_pb_video][\/et_pb_column][\/et_pb_row][et_pb_row _builder_version=\u00a0\u00bb4.5.5&Prime; _module_preset=\u00a0\u00bbdefault\u00a0\u00bb][et_pb_column type=\u00a0\u00bb4_4&Prime; _builder_version=\u00a0\u00bb4.5.5&Prime; _module_preset=\u00a0\u00bbdefault\u00a0\u00bb][et_pb_text _builder_version=\u00a0\u00bb4.5.5&Prime; _module_preset=\u00a0\u00bbdefault\u00a0\u00bb text_font_size=\u00a0\u00bb40px\u00a0\u00bb text_line_height=\u00a0\u00bb1.5em\u00a0\u00bb text_orientation=\u00a0\u00bbcenter\u00a0\u00bb] Spectacle \u00e0 PROMOUVOIR\u00a0: [\/et_pb_text][et_pb_text _builder_version=\u00a0\u00bb4.5.5&Prime; _module_preset=\u00a0\u00bbdefault\u00a0\u00bb text_text_color=\u00a0\u00bb#0c71c3&Prime; [&hellip;]<\/p>\n","protected":false},"author":1,"featured_media":0,"parent":0,"menu_order":0,"comment_status":"closed","ping_status":"closed","template":"","meta":{"_et_pb_use_builder":"on","_et_pb_old_content":"","_et_gb_content_width":"","footnotes":""},"class_list":["post-482","page","type-page","status-publish","hentry"],"_links":{"self":[{"href":"https:\/\/asso-adjd.fr\/index.php\/wp-json\/wp\/v2\/pages\/482","targetHints":{"allow":["GET"]}}],"collection":[{"href":"https:\/\/asso-adjd.fr\/index.php\/wp-json\/wp\/v2\/pages"}],"about":[{"href":"https:\/\/asso-adjd.fr\/index.php\/wp-json\/wp\/v2\/types\/page"}],"author":[{"embeddable":true,"href":"https:\/\/asso-adjd.fr\/index.php\/wp-json\/wp\/v2\/users\/1"}],"replies":[{"embeddable":true,"href":"https:\/\/asso-adjd.fr\/index.php\/wp-json\/wp\/v2\/comments?post=482"}],"version-history":[{"count":29,"href":"https:\/\/asso-adjd.fr\/index.php\/wp-json\/wp\/v2\/pages\/482\/revisions"}],"predecessor-version":[{"id":1140,"href":"https:\/\/asso-adjd.fr\/index.php\/wp-json\/wp\/v2\/pages\/482\/revisions\/1140"}],"wp:attachment":[{"href":"https:\/\/asso-adjd.fr\/index.php\/wp-json\/wp\/v2\/media?parent=482"}],"curies":[{"name":"wp","href":"https:\/\/api.w.org\/{rel}","templated":true}]}}